{"id":83,"date":"2021-01-25T21:38:44","date_gmt":"2021-01-25T21:38:44","guid":{"rendered":"http:\/\/nafemkft.hu\/?page_id=83"},"modified":"2022-02-10T12:47:12","modified_gmt":"2022-02-10T12:47:12","slug":"gepparkunk","status":"publish","type":"page","link":"http:\/\/nafemkft.hu\/en\/gepparkunk\/","title":{"rendered":"G\u00e9pparkunk"},"content":{"rendered":"<ul>\n<li>4 db lemezoll\u00f3, mely 3000 mm hosszan \u00e9s 1-15 mm vastags\u00e1gig tud darabolni,<\/li>\n<li>2 db \u00e9lhajl\u00edt\u00f3 3000 mm-es, melyb\u0151l 1 db sz\u00e1mjegy kijelz\u00e9s\u0171, programozhat\u00f3,<\/li>\n<li>Excenteres \u00e9s hidraulikus pr\u00e9sg\u00e9pek 10-250 t-ig,<\/li>\n<li>Hegeszt\u0151g\u00e9pek, melyek k\u00f6z\u00f6tt van kr\u00f3mac\u00e9l \u00e9s alum\u00ednium hegeszt\u00e9s\u00e9re alkalmas berendez\u00e9s is,<\/li>\n<li>Plazmav\u00e1g\u00f3 g\u00e9p 1500&#215;6000 t\u00e1blam\u00e9retig, 50 mm lemezvastags\u00e1gig.<\/li>\n<li>Sz\u00e1mjegyvez\u00e9rl\u00e9s\u0171 hidraulikus cs\u0151hajl\u00edt\u00f3 g\u00e9p, 60 mm cs\u0151\u00e1tm\u00e9r\u0151ig<\/li>\n<\/ul>\n<p>&nbsp;<\/p>\n<p>G\u00e9pi forg\u00e1csol\u00f3 tev\u00e9kenys\u00e9ghez rendelkez\u00e9s\u00fcnkre \u00e1llnak a forg\u00e1csol\u00f3 szakmunk\u00e1sokon (eszterg\u00e1lyos, mar\u00f3s) k\u00edv\u00fcl az al\u00e1bbi g\u00e9ppark:<\/p>\n<ul>\n<li>Egyetemes eszterga \u00e9s mar\u00f3g\u00e9pek,<\/li>\n<li>Helyzetf\u00far\u00f3g\u00e9p,<\/li>\n<li>CNC vez\u00e9rl\u00e9s\u0171 megmunk\u00e1l\u00f3 k\u00f6zpontok.<\/li>\n<\/ul>\n<p>&nbsp;<\/p>\n<p>Fel\u00fcletkezel\u0151 \u00fczemr\u00e9sz\u00fcnkben gyakorlott szakmunk\u00e1sok dolgoznak, illetve rendelkez\u00fcnk WAGNER t\u00edpus\u00fa porsz\u00f3r\u00f3 berendez\u00e9ssel, hozz\u00e1 2 db egyenk\u00e9nt 2400x1000x1800 mm belm\u00e9ret\u0171 be\u00e9get\u0151 kemenc\u00e9vel. E technol\u00f3gia mellett v\u00e9gz\u00fcnk old\u00f3szeres fest\u00e9st \u00e9s foszf\u00e1toz\u00e1st is.<\/p>\n","protected":false},"excerpt":{"rendered":"<p>4 db lemezoll\u00f3, mely 3000 mm hosszan \u00e9s 1-15 mm vastags\u00e1gig tud darabolni, 2 db \u00e9lhajl\u00edt\u00f3 3000 mm-es, melyb\u0151l 1 db sz\u00e1mjegy kijelz\u00e9s\u0171, programozhat\u00f3, Excenteres \u00e9s hidraulikus pr\u00e9sg\u00e9pek 10-250 t-ig, Hegeszt\u0151g\u00e9pek, melyek k\u00f6z\u00f6tt van kr\u00f3mac\u00e9l \u00e9s alum\u00ednium hegeszt\u00e9s\u00e9re alkalmas berendez\u00e9s is, Plazmav\u00e1g\u00f3 g\u00e9p 1500&#215;6000 t\u00e1blam\u00e9retig, 50 mm lemezvastags\u00e1gig. Sz\u00e1mjegyvez\u00e9rl\u00e9s\u0171 hidraulikus cs\u0151hajl\u00edt\u00f3 g\u00e9p, 60 mm cs\u0151\u00e1tm\u00e9r\u0151ig &hellip; <\/p>\n<p><a class=\"more-link btn\" href=\"http:\/\/nafemkft.hu\/en\/gepparkunk\/\">Continue reading<\/a><\/p>\n","protected":false},"author":1,"featured_media":0,"parent":0,"menu_order":0,"comment_status":"closed","ping_status":"closed","template":"","meta":{"footnotes":""},"class_list":["post-83","page","type-page","status-publish","hentry","nodate","item-wrap"],"_links":{"self":[{"href":"http:\/\/nafemkft.hu\/en\/wp-json\/wp\/v2\/pages\/83","targetHints":{"allow":["GET"]}}],"collection":[{"href":"http:\/\/nafemkft.hu\/en\/wp-json\/wp\/v2\/pages"}],"about":[{"href":"http:\/\/nafemkft.hu\/en\/wp-json\/wp\/v2\/types\/page"}],"author":[{"embeddable":true,"href":"http:\/\/nafemkft.hu\/en\/wp-json\/wp\/v2\/users\/1"}],"replies":[{"embeddable":true,"href":"http:\/\/nafemkft.hu\/en\/wp-json\/wp\/v2\/comments?post=83"}],"version-history":[{"count":4,"href":"http:\/\/nafemkft.hu\/en\/wp-json\/wp\/v2\/pages\/83\/revisions"}],"predecessor-version":[{"id":106,"href":"http:\/\/nafemkft.hu\/en\/wp-json\/wp\/v2\/pages\/83\/revisions\/106"}],"wp:attachment":[{"href":"http:\/\/nafemkft.hu\/en\/wp-json\/wp\/v2\/media?parent=83"}],"curies":[{"name":"wp","href":"https:\/\/api.w.org\/{rel}","templated":true}]}}