{"id":118,"date":"2025-11-11T15:53:56","date_gmt":"2025-11-11T14:53:56","guid":{"rendered":"http:\/\/nafemkft.hu\/?page_id=118"},"modified":"2025-11-11T16:04:01","modified_gmt":"2025-11-11T15:04:01","slug":"palyazat","status":"publish","type":"page","link":"http:\/\/nafemkft.hu\/en\/palyazat\/","title":{"rendered":"P\u00c1LY\u00c1ZAT"},"content":{"rendered":"<p><img loading=\"lazy\" decoding=\"async\" class=\"wp-image-117 size-large aligncenter\" src=\"http:\/\/nafemkft.hu\/wp-content\/uploads\/2025\/11\/SzechenyiTervPlusLogo-1024x204.jpg\" alt=\"\" width=\"750\" height=\"149\" srcset=\"http:\/\/nafemkft.hu\/wp-content\/uploads\/2025\/11\/SzechenyiTervPlusLogo-1024x204.jpg 1024w, http:\/\/nafemkft.hu\/wp-content\/uploads\/2025\/11\/SzechenyiTervPlusLogo-300x60.jpg 300w, http:\/\/nafemkft.hu\/wp-content\/uploads\/2025\/11\/SzechenyiTervPlusLogo-768x153.jpg 768w, http:\/\/nafemkft.hu\/wp-content\/uploads\/2025\/11\/SzechenyiTervPlusLogo-750x150.jpg 750w, http:\/\/nafemkft.hu\/wp-content\/uploads\/2025\/11\/SzechenyiTervPlusLogo.jpg 1128w\" sizes=\"auto, (max-width: 750px) 100vw, 750px\" \/><\/p>\n<p style=\"text-align: center;\"><strong>GINOP Plusz-3.2.1-21<\/strong><\/p>\n<p style=\"text-align: center;\"><strong>Munkaviszony melletti k\u00e9pz\u00e9s \u00e9s b\u00e9rt\u00e1mogat\u00e1s<\/strong><\/p>\n<p><strong>Kedvezm\u00e9nyezett neve:<\/strong> NAF\u00c9M Nam\u00e9nyi Vas- \u00e9s F\u00e9mipari Kereskedelmi Kft<\/p>\n<p><strong>A szerz\u0151d\u00f6tt t\u00e1mogat\u00e1s \u00f6sszege<\/strong>: 25\u00a0446\u00a0960 Ft.<\/p>\n<p><strong>A k\u00e9pz\u00e9s elnevez\u00e9se:<\/strong> Rakt\u00e1ri \u00e1rukezel\u0151, -\u00e9rt\u00e9kes\u00edt\u0151 munkat\u00e1rs<\/p>\n<p><strong>A k\u00e9pz\u00e9s c\u00e9lja:<\/strong> A k\u00e9pz\u00e9s c\u00e9lja, hogy a k\u00e9pz\u00e9sben r\u00e9sztvev\u0151k megismerkedjenek a rakt\u00e1ri \u00e1rukezel\u00e9ssel kapcsolatos komplex tev\u00e9kenys\u00e9gek szakszer\u0171 ell\u00e1t\u00e1s\u00e1nak alapjaival majd a betanul\u00e1si id\u0151szak ut\u00e1n a rakt\u00e1rvezet\u0151 ir\u00e1ny\u00edt\u00e1sa \u00e9s fel\u00fcgyelete mellett a folyamatosan fejl\u0151d\u0151 k\u00f6rnyezetben k\u00e9pesek legyenek \u00f6n\u00e1ll\u00f3an, magas szakmai sz\u00ednvonalon, innovat\u00edv m\u00f3don ell\u00e1tni a rakt\u00e1rgazd\u00e1lkod\u00e1ssal kapcsolatos feladataikat a v\u00e1s\u00e1rl\u00f3k el\u00e9gedetts\u00e9g\u00e9nek elnyer\u00e9se \u00e9rdek\u00e9ben.<\/p>\n<p><strong>A k\u00e9pz\u00e9s r\u00e9szletes bemutat\u00e1sa: <\/strong><\/p>\n<p><strong>\u00a0<\/strong><a href=\"https:\/\/www.titonline.hu\/files\/felnottkepzesi_anyagok\/kepzesi_programok\/2025\/raktari_arukezelo-ertekesito_munkatars_300ora_tit.pdf\">K\u00e9pz\u00e9si Program &#8211; Rakt\u00e1ri \u00c1rukezel\u0151-,\u00a0 \u00c9rt\u00e9kes\u00edt\u0151 munkatars (300 \u00f3ra).pdf<\/a><\/p>\n<p><strong>\u00a0<\/strong><strong>A k\u00e9pz\u00e9s tervezett befejez\u00e9si d\u00e1tuma:<\/strong> 2026. 02. 11.<\/p>\n<p>&nbsp;<\/p>\n","protected":false},"excerpt":{"rendered":"<p>GINOP Plusz-3.2.1-21 Munkaviszony melletti k\u00e9pz\u00e9s \u00e9s b\u00e9rt\u00e1mogat\u00e1s Kedvezm\u00e9nyezett neve: NAF\u00c9M Nam\u00e9nyi Vas- \u00e9s F\u00e9mipari Kereskedelmi Kft A szerz\u0151d\u00f6tt t\u00e1mogat\u00e1s \u00f6sszege: 25\u00a0446\u00a0960 Ft. A k\u00e9pz\u00e9s elnevez\u00e9se: Rakt\u00e1ri \u00e1rukezel\u0151, -\u00e9rt\u00e9kes\u00edt\u0151 munkat\u00e1rs A k\u00e9pz\u00e9s c\u00e9lja: A k\u00e9pz\u00e9s c\u00e9lja, hogy a k\u00e9pz\u00e9sben r\u00e9sztvev\u0151k megismerkedjenek a rakt\u00e1ri \u00e1rukezel\u00e9ssel kapcsolatos komplex tev\u00e9kenys\u00e9gek szakszer\u0171 ell\u00e1t\u00e1s\u00e1nak alapjaival majd a betanul\u00e1si id\u0151szak ut\u00e1n a &hellip; <\/p>\n<p><a class=\"more-link btn\" href=\"http:\/\/nafemkft.hu\/en\/palyazat\/\">Continue reading<\/a><\/p>\n","protected":false},"author":1,"featured_media":0,"parent":0,"menu_order":0,"comment_status":"closed","ping_status":"closed","template":"","meta":{"footnotes":""},"class_list":["post-118","page","type-page","status-publish","hentry","nodate","item-wrap"],"_links":{"self":[{"href":"http:\/\/nafemkft.hu\/en\/wp-json\/wp\/v2\/pages\/118","targetHints":{"allow":["GET"]}}],"collection":[{"href":"http:\/\/nafemkft.hu\/en\/wp-json\/wp\/v2\/pages"}],"about":[{"href":"http:\/\/nafemkft.hu\/en\/wp-json\/wp\/v2\/types\/page"}],"author":[{"embeddable":true,"href":"http:\/\/nafemkft.hu\/en\/wp-json\/wp\/v2\/users\/1"}],"replies":[{"embeddable":true,"href":"http:\/\/nafemkft.hu\/en\/wp-json\/wp\/v2\/comments?post=118"}],"version-history":[{"count":4,"href":"http:\/\/nafemkft.hu\/en\/wp-json\/wp\/v2\/pages\/118\/revisions"}],"predecessor-version":[{"id":127,"href":"http:\/\/nafemkft.hu\/en\/wp-json\/wp\/v2\/pages\/118\/revisions\/127"}],"wp:attachment":[{"href":"http:\/\/nafemkft.hu\/en\/wp-json\/wp\/v2\/media?parent=118"}],"curies":[{"name":"wp","href":"https:\/\/api.w.org\/{rel}","templated":true}]}}