{"id":10,"date":"2020-11-02T21:57:07","date_gmt":"2020-11-02T21:57:07","guid":{"rendered":"http:\/\/nafemkft.hu\/?page_id=10"},"modified":"2022-02-10T12:44:27","modified_gmt":"2022-02-10T12:44:27","slug":"bemutatkozas","status":"publish","type":"page","link":"http:\/\/nafemkft.hu\/en\/","title":{"rendered":"Bemutatkoz\u00e1s"},"content":{"rendered":"<p>Angol<\/p>\n<p>V\u00e1llalatunkat az al\u00e1bbiak szerint szeretn\u00e9m r\u00f6viden bemutatni \u00d6n\u00f6knek.<\/p>\n<p>A NAF\u00c9M Kft. jelenlegi form\u00e1j\u00e1ban 1990 \u00f3ta m\u0171k\u00f6dik. Egy mag\u00e1ntulajdonban l\u00e9v\u00f5 t\u00e1rsas\u00e1g, melynek tulajdonosa Szombathy B\u00e9la.<\/p>\n<p>A c\u00e9g 3,6 hekt\u00e1r f\u00f6ldter\u00fcleten helyezkedik el, melyb\u0151l a be\u00e9p\u00edtett alapter\u00fclet 6500 m\u00b2.<\/p>\n<p>Gy\u00e1runknak az infrastruktur\u00e1lis felt\u00e9telei: -villamosenergia, -f\u00f6ldg\u00e1z, -leveg\u0151, -v\u00edz \u00e9s szennyv\u00edzh\u00e1l\u00f3zat ter\u00e9n adottak.<\/p>\n<p>\u00c1tlagosan 160 f\u0151t foglalkoztatunk a sz\u00fcks\u00e9ges m\u0171szaki, sz\u00e1mviteli \u00e9s ad\u00f3tan\u00e1csad\u00f3i appar\u00e1tus mellett d\u00f6nt\u0151 t\u00f6bbs\u00e9gben lakatos, hegeszt\u0151, forg\u00e1csol\u00f3 \u00e9s fest\u0151 szakmunk\u00e1sokat alkalmazunk.<\/p>\n<p>C\u00e9g\u00fcnk bevezette \u00e9s alkalmazza az MSZ EN ISO 9001:2000 szabv\u00e1ny szerinti min\u0151s\u00e9g tan\u00fas\u00edt\u00e1si rendszert, melynek tan\u00fas\u00edt\u00e1sa 2003.szeptember 22.-\u00e9n t\u00f6rt\u00e9nt.<br \/>\nA tan\u00fas\u00edt\u00f3, illetve az azt k\u00f6vet\u0151 fel\u00fcgyeleti audit sor\u00e1n bizony\u00edt\u00e1st nyert, hogy a rendszer megfelel a szabv\u00e1ny el\u0151\u00edr\u00e1sainak.<\/p>\n<p>Alapvet\u0151en vasipari tev\u00e9kenys\u00e9get folytatunk, melyet az al\u00e1bbiak szerint csoportos\u00edthatunk:<\/p>\n<ul>\n<li style=\"list-style-type: none;\">\n<ul>\n<li style=\"list-style-type: none;\">\n<ul>\n<li>K\u00f6z\u00e9pneh\u00e9z ac\u00e9lszerkezetek gy\u00e1rt\u00e1sa<\/li>\n<li>Lemezmegmunk\u00e1l\u00e1s<\/li>\n<li>G\u00e9pi forg\u00e1csol\u00e1s<\/li>\n<li>Fel\u00fcletkezel\u00e9s<\/li>\n<\/ul>\n<\/li>\n<\/ul>\n<\/li>\n<\/ul>\n<p>Fel\u00fclet kezel\u0151 \u00fczemr\u00e9sz\u00fcnkben old\u00f3szeres ill. porsz\u00f3r\u00e1sos fest\u00e9st, foszf\u00e1toz\u00e1st \u00e9s vegyi barn\u00edt\u00e1st is v\u00e9gz\u00fcnk.<br \/>\nKooper\u00e1ci\u00f3s partnereinkkel k\u00f6zrem\u0171k\u00f6dve: kr\u00f3moz\u00e1st, galvaniz\u00e1l\u00e1st, nikkelez\u00e9st, teniferez\u00e9st \u00e9s horganyoz\u00e1st.<br \/>\nV\u00e1llaljuk egyedi darabok, valamint kis \u00e9s nagy sz\u00e9ri\u00e1k gy\u00e1rt\u00e1s\u00e1t.<br \/>\nK\u00fcl\u00f6nf\u00e9le nyersanyagokkal dolgozunk pl. inox, kr\u00f3mac\u00e9l nem vas tartalm\u00fa f\u00e9mek alum\u00ednium, m\u0171anyagok.<br \/>\nRendelkez\u00fcnk \u00fczemen bel\u00fcli min\u0151s\u00e9g ellen\u0151rz\u00e9ssel (MEO).<br \/>\nLehet\u0151s\u00e9g van, hogy dolgoz\u00f3inkat Eur\u00f3pai telephelyre k\u00fcldj\u00fck .<br \/>\nA b\u00e9rez\u00e9s a munka jelleg\u00e9t\u0151l f\u00fcgg\u0151en k\u00fcl\u00f6n meg\u00e1llapod\u00e1s t\u00e1rgy\u00e1t k\u00e9pezi.<br \/>\nAmennyiben a c\u00e9g ismertet\u0151nk felkeltette \u00e9rdekl\u0151d\u00e9s\u00e9t \u00e9s lehet\u0151s\u00e9geket l\u00e1tnak a j\u00f6v\u0151beni egy\u00fcttm\u0171k\u00f6d\u00e9sre, v\u00e1rjuk sz\u00edves megkeres\u00e9s\u00fcnket.<\/p>\n<p>Kapcsolat:<\/p>\n<p>NAF\u00c9M Kft.<br \/>\nNam\u00e9nyi Vas- \u00e9s F\u00e9mipari Kereskedelmi Kft<br \/>\n4800 V\u00e1s\u00e1rosnam\u00e9ny, Ilki \u00fa 2.<br \/>\nTelefon: +36 45 470-755, +36 45 470-567<br \/>\nFax: +36 45 470-762<br \/>\nEmail: nafemkft@namenynet.hu<\/p>\n","protected":false},"excerpt":{"rendered":"<p>Angol V\u00e1llalatunkat az al\u00e1bbiak szerint szeretn\u00e9m r\u00f6viden bemutatni \u00d6n\u00f6knek. A NAF\u00c9M Kft. jelenlegi form\u00e1j\u00e1ban 1990 \u00f3ta m\u0171k\u00f6dik. Egy mag\u00e1ntulajdonban l\u00e9v\u00f5 t\u00e1rsas\u00e1g, melynek tulajdonosa Szombathy B\u00e9la. A c\u00e9g 3,6 hekt\u00e1r f\u00f6ldter\u00fcleten helyezkedik el, melyb\u0151l a be\u00e9p\u00edtett alapter\u00fclet 6500 m\u00b2. Gy\u00e1runknak az infrastruktur\u00e1lis felt\u00e9telei: -villamosenergia, -f\u00f6ldg\u00e1z, -leveg\u0151, -v\u00edz \u00e9s szennyv\u00edzh\u00e1l\u00f3zat ter\u00e9n adottak. \u00c1tlagosan 160 f\u0151t foglalkoztatunk a &hellip; <\/p>\n<p><a class=\"more-link btn\" href=\"http:\/\/nafemkft.hu\/en\/\">Continue reading<\/a><\/p>\n","protected":false},"author":1,"featured_media":0,"parent":0,"menu_order":0,"comment_status":"closed","ping_status":"closed","template":"","meta":{"footnotes":""},"class_list":["post-10","page","type-page","status-publish","hentry","nodate","item-wrap"],"_links":{"self":[{"href":"http:\/\/nafemkft.hu\/en\/wp-json\/wp\/v2\/pages\/10","targetHints":{"allow":["GET"]}}],"collection":[{"href":"http:\/\/nafemkft.hu\/en\/wp-json\/wp\/v2\/pages"}],"about":[{"href":"http:\/\/nafemkft.hu\/en\/wp-json\/wp\/v2\/types\/page"}],"author":[{"embeddable":true,"href":"http:\/\/nafemkft.hu\/en\/wp-json\/wp\/v2\/users\/1"}],"replies":[{"embeddable":true,"href":"http:\/\/nafemkft.hu\/en\/wp-json\/wp\/v2\/comments?post=10"}],"version-history":[{"count":9,"href":"http:\/\/nafemkft.hu\/en\/wp-json\/wp\/v2\/pages\/10\/revisions"}],"predecessor-version":[{"id":105,"href":"http:\/\/nafemkft.hu\/en\/wp-json\/wp\/v2\/pages\/10\/revisions\/105"}],"wp:attachment":[{"href":"http:\/\/nafemkft.hu\/en\/wp-json\/wp\/v2\/media?parent=10"}],"curies":[{"name":"wp","href":"https:\/\/api.w.org\/{rel}","templated":true}]}}