{"id":91,"date":"2021-01-25T22:04:17","date_gmt":"2021-01-25T22:04:17","guid":{"rendered":"http:\/\/nafemkft.hu\/?page_id=91"},"modified":"2022-02-11T13:49:48","modified_gmt":"2022-02-11T13:49:48","slug":"termekeink","status":"publish","type":"page","link":"http:\/\/nafemkft.hu\/de\/termekeink\/","title":{"rendered":"Term\u00e9keink"},"content":{"rendered":"<p>Fontosabb term\u00e9keink:<\/p>\n<ul>\n<li>Egyedi ac\u00e9lszerkezetek<\/li>\n<li>Lemezmegmunk\u00e1l\u00e1s<\/li>\n<li>Korl\u00e1tok, l\u00e9pcs\u0151k, h\u00e1gcs\u00f3k, tart\u00f3szerkezetek<\/li>\n<li>Sz\u00e1ll\u00edt\u00f3szalagok<\/li>\n<li>K\u00fcl\u00f6nf\u00e9le kont\u00e9nerek<\/li>\n<li>Irodab\u00fatorok, f\u00e9mv\u00e1zak porsz\u00f3rt kivitelben<\/li>\n<li>Aut\u00f3buszv\u00e1r\u00f3k<\/li>\n<li>Szem\u00e9tt\u00e1rol\u00f3 \u00e9s szem\u00e9tgy\u0171t\u0151 kont\u00e9nerek<\/li>\n<li>H\u0171t\u0151h\u00e1zi t\u00e1rol\u00f3egys\u00e9gek t\u0171zi horganyzott kivitelben<\/li>\n<li>R\u00f6ntgeng\u00e9p alkatr\u00e9szek<\/li>\n<li>Forg\u00e1csolt g\u00e9p alkatr\u00e9szek<\/li>\n<li>Logisztikai t\u00e1rol\u00f3 rekeszek, tart\u00f3k, kalod\u00e1k<\/li>\n<\/ul>\n","protected":false},"excerpt":{"rendered":"<p>Fontosabb term\u00e9keink: Egyedi ac\u00e9lszerkezetek Lemezmegmunk\u00e1l\u00e1s Korl\u00e1tok, l\u00e9pcs\u0151k, h\u00e1gcs\u00f3k, tart\u00f3szerkezetek Sz\u00e1ll\u00edt\u00f3szalagok K\u00fcl\u00f6nf\u00e9le kont\u00e9nerek Irodab\u00fatorok, f\u00e9mv\u00e1zak porsz\u00f3rt kivitelben Aut\u00f3buszv\u00e1r\u00f3k Szem\u00e9tt\u00e1rol\u00f3 \u00e9s szem\u00e9tgy\u0171t\u0151 kont\u00e9nerek H\u0171t\u0151h\u00e1zi t\u00e1rol\u00f3egys\u00e9gek t\u0171zi horganyzott kivitelben R\u00f6ntgeng\u00e9p alkatr\u00e9szek Forg\u00e1csolt g\u00e9p alkatr\u00e9szek Logisztikai t\u00e1rol\u00f3 rekeszek, tart\u00f3k, kalod\u00e1k<\/p>\n","protected":false},"author":1,"featured_media":0,"parent":0,"menu_order":0,"comment_status":"closed","ping_status":"closed","template":"","meta":{"footnotes":""},"class_list":["post-91","page","type-page","status-publish","hentry","nodate","item-wrap"],"_links":{"self":[{"href":"http:\/\/nafemkft.hu\/de\/wp-json\/wp\/v2\/pages\/91","targetHints":{"allow":["GET"]}}],"collection":[{"href":"http:\/\/nafemkft.hu\/de\/wp-json\/wp\/v2\/pages"}],"about":[{"href":"http:\/\/nafemkft.hu\/de\/wp-json\/wp\/v2\/types\/page"}],"author":[{"embeddable":true,"href":"http:\/\/nafemkft.hu\/de\/wp-json\/wp\/v2\/users\/1"}],"replies":[{"embeddable":true,"href":"http:\/\/nafemkft.hu\/de\/wp-json\/wp\/v2\/comments?post=91"}],"version-history":[{"count":2,"href":"http:\/\/nafemkft.hu\/de\/wp-json\/wp\/v2\/pages\/91\/revisions"}],"predecessor-version":[{"id":110,"href":"http:\/\/nafemkft.hu\/de\/wp-json\/wp\/v2\/pages\/91\/revisions\/110"}],"wp:attachment":[{"href":"http:\/\/nafemkft.hu\/de\/wp-json\/wp\/v2\/media?parent=91"}],"curies":[{"name":"wp","href":"https:\/\/api.w.org\/{rel}","templated":true}]}}