{"id":88,"date":"2021-01-25T22:02:50","date_gmt":"2021-01-25T22:02:50","guid":{"rendered":"http:\/\/nafemkft.hu\/?page_id=88"},"modified":"2022-02-10T12:53:08","modified_gmt":"2022-02-10T12:53:08","slug":"referenciaink","status":"publish","type":"page","link":"http:\/\/nafemkft.hu\/de\/referenciaink\/","title":{"rendered":"Referenci\u00e1ink"},"content":{"rendered":"<ul>\n<li>Aktu\u00e1lbau Kft. &#8211; Ny\u00edregyh\u00e1za<\/li>\n<li>MSK Hungary G\u00e9pgy\u00e1rt\u00f3 Bt- Ny\u00edrb\u00e1tor<\/li>\n<li>Carl Zeiss Vision Hungary Kft-M\u00e1t\u00e9szalka<\/li>\n<li>Roto Elzett Certa Kft. &#8211; V\u00f6lcsej<\/li>\n<li>AUDI AG \u2013 Ingolstadt<\/li>\n<li>Volkswagen AG \u2013 Wolfsburg<\/li>\n<li>H\u00fcbner-H Gumiipari Kft. &#8211; Ny\u00edregyh\u00e1za<\/li>\n<li>4S2000 Kft. &#8211; Ny\u00edregyh\u00e1za<\/li>\n<li>Pharmatech Kft- Debrecen<\/li>\n<li>Sandra Form Kft. &#8211; M\u00e1t\u00e9szalka<\/li>\n<li>Kuris-Speziall Maschinenbau Gmbh. &#8211; Weinstadt<\/li>\n<li>Wiedmann Maschinenbau Gmbh. &#8211; Deggingen<\/li>\n<li>Winkelmann Powertrain Gmbh. &#8211; Ahlen<\/li>\n<li>GE Hung\u00e1ria Kft. \u2013 Budapest<\/li>\n<li>Controll X &#8211; Medical Kft. &#8211; Budapest<\/li>\n<li>Gamma M\u0171szaki Rt. &#8211; Budapest<\/li>\n<li>Cad-Terv M\u0171szaki tervez\u0151 Iroda Kft. &#8211; Budapest<\/li>\n<li>M\u00e1tra G\u00e9pipari Kft. &#8211; Gy\u00f6ngy\u00f6s<\/li>\n<li>Audi Hung\u00e1ria Kft. &#8211; Gy\u0151r<\/li>\n<li>Unicentr\u00e1l Kft. &#8211; Gy\u0151r<\/li>\n<li>Magyar Ac\u00e9lm\u0171vek Kft-Ny\u00edregyh\u00e1za<\/li>\n<li>Orha M\u0171vek Zrt-Ny\u00edregyh\u00e1za<\/li>\n<li>Swiss Krono Kft. \u2013 V\u00e1s\u00e1rosnam\u00e9ny<\/li>\n<li>INA Kysuck\u00e9 \u2013 Kysuck\u00e9 Novo Mesto<\/li>\n<li>K\u00e9sz Kft. &#8211; Kecskem\u00e9t<\/li>\n<li>MIAS Maschinenbau Gmbh. \u2013 M\u00fcnchen<\/li>\n<li>KRONOPOL &#8211; Poland<\/li>\n<li>Szigetmobil Kft. &#8211; Szigetszentmikl\u00f3s<\/li>\n<\/ul>\n","protected":false},"excerpt":{"rendered":"<p>Aktu\u00e1lbau Kft. &#8211; Ny\u00edregyh\u00e1za MSK Hungary G\u00e9pgy\u00e1rt\u00f3 Bt- Ny\u00edrb\u00e1tor Carl Zeiss Vision Hungary Kft-M\u00e1t\u00e9szalka Roto Elzett Certa Kft. &#8211; V\u00f6lcsej AUDI AG \u2013 Ingolstadt Volkswagen AG \u2013 Wolfsburg H\u00fcbner-H Gumiipari Kft. &#8211; Ny\u00edregyh\u00e1za 4S2000 Kft. &#8211; Ny\u00edregyh\u00e1za Pharmatech Kft- Debrecen Sandra Form Kft. &#8211; M\u00e1t\u00e9szalka Kuris-Speziall Maschinenbau Gmbh. &#8211; Weinstadt Wiedmann Maschinenbau Gmbh. &#8211; Deggingen &hellip; <\/p>\n<p><a class=\"more-link btn\" href=\"http:\/\/nafemkft.hu\/de\/referenciaink\/\">Weiterlesen<\/a><\/p>\n","protected":false},"author":1,"featured_media":0,"parent":0,"menu_order":0,"comment_status":"closed","ping_status":"closed","template":"","meta":{"footnotes":""},"class_list":["post-88","page","type-page","status-publish","hentry","nodate","item-wrap"],"_links":{"self":[{"href":"http:\/\/nafemkft.hu\/de\/wp-json\/wp\/v2\/pages\/88","targetHints":{"allow":["GET"]}}],"collection":[{"href":"http:\/\/nafemkft.hu\/de\/wp-json\/wp\/v2\/pages"}],"about":[{"href":"http:\/\/nafemkft.hu\/de\/wp-json\/wp\/v2\/types\/page"}],"author":[{"embeddable":true,"href":"http:\/\/nafemkft.hu\/de\/wp-json\/wp\/v2\/users\/1"}],"replies":[{"embeddable":true,"href":"http:\/\/nafemkft.hu\/de\/wp-json\/wp\/v2\/comments?post=88"}],"version-history":[{"count":4,"href":"http:\/\/nafemkft.hu\/de\/wp-json\/wp\/v2\/pages\/88\/revisions"}],"predecessor-version":[{"id":107,"href":"http:\/\/nafemkft.hu\/de\/wp-json\/wp\/v2\/pages\/88\/revisions\/107"}],"wp:attachment":[{"href":"http:\/\/nafemkft.hu\/de\/wp-json\/wp\/v2\/media?parent=88"}],"curies":[{"name":"wp","href":"https:\/\/api.w.org\/{rel}","templated":true}]}}