{"id":80,"date":"2021-01-25T21:34:54","date_gmt":"2021-01-25T21:34:54","guid":{"rendered":"http:\/\/nafemkft.hu\/?page_id=80"},"modified":"2022-02-11T13:49:11","modified_gmt":"2022-02-11T13:49:11","slug":"kapcsolat","status":"publish","type":"page","link":"http:\/\/nafemkft.hu\/de\/kapcsolat\/","title":{"rendered":"Kapcsolat"},"content":{"rendered":"<p style=\"text-align: center;\">NAF\u00c9M Kft.<br \/>\nNam\u00e9nyi Vas- \u00e9s F\u00e9mipari Kereskedelmi Kft<br \/>\n4800 V\u00e1s\u00e1rosnam\u00e9ny, Ipar u. 4.<br \/>\nTelefon: +36 45 470-755<br \/>\nEmail: nafemkft@namenynet.hu<br \/>\nWeb: www.nafemkft.hu<\/p>\n","protected":false},"excerpt":{"rendered":"<p>NAF\u00c9M Kft. Nam\u00e9nyi Vas- \u00e9s F\u00e9mipari Kereskedelmi Kft 4800 V\u00e1s\u00e1rosnam\u00e9ny, Ipar u. 4. Telefon: +36 45 470-755 Email: nafemkft@namenynet.hu Web: www.nafemkft.hu<\/p>\n","protected":false},"author":1,"featured_media":0,"parent":0,"menu_order":0,"comment_status":"closed","ping_status":"closed","template":"","meta":{"footnotes":""},"class_list":["post-80","page","type-page","status-publish","hentry","nodate","item-wrap"],"_links":{"self":[{"href":"http:\/\/nafemkft.hu\/de\/wp-json\/wp\/v2\/pages\/80","targetHints":{"allow":["GET"]}}],"collection":[{"href":"http:\/\/nafemkft.hu\/de\/wp-json\/wp\/v2\/pages"}],"about":[{"href":"http:\/\/nafemkft.hu\/de\/wp-json\/wp\/v2\/types\/page"}],"author":[{"embeddable":true,"href":"http:\/\/nafemkft.hu\/de\/wp-json\/wp\/v2\/users\/1"}],"replies":[{"embeddable":true,"href":"http:\/\/nafemkft.hu\/de\/wp-json\/wp\/v2\/comments?post=80"}],"version-history":[{"count":3,"href":"http:\/\/nafemkft.hu\/de\/wp-json\/wp\/v2\/pages\/80\/revisions"}],"predecessor-version":[{"id":109,"href":"http:\/\/nafemkft.hu\/de\/wp-json\/wp\/v2\/pages\/80\/revisions\/109"}],"wp:attachment":[{"href":"http:\/\/nafemkft.hu\/de\/wp-json\/wp\/v2\/media?parent=80"}],"curies":[{"name":"wp","href":"https:\/\/api.w.org\/{rel}","templated":true}]}}