{"id":13,"date":"2020-11-02T22:05:14","date_gmt":"2020-11-02T22:05:14","guid":{"rendered":"http:\/\/nafemkft.hu\/?page_id=13"},"modified":"2022-02-11T13:50:40","modified_gmt":"2022-02-11T13:50:40","slug":"hivatalos-cegadatok","status":"publish","type":"page","link":"http:\/\/nafemkft.hu\/de\/hivatalos-cegadatok\/","title":{"rendered":"Hivatalos c\u00e9gadatok"},"content":{"rendered":"<p>A c\u00e9g elnevez\u00e9se: NAF\u00c9M Nam\u00e9nyi Vas- \u00e9s F\u00e9mipari Kereskedelmi Korl\u00e1tolt Felel\u0151ss\u00e9g\u0171 T\u00e1rsas\u00e1g<\/p>\n<p>A c\u00e9g r\u00f6vid\u00edtett elnevez\u00e9se: NAF\u00c9M KFT<\/p>\n<p>A c\u00e9g sz\u00e9khelye: 4800 V\u00e1s\u00e1rosnam\u00e9ny, Ipar u. 4.<\/p>\n<p>C\u00e9gforma: Korl\u00e1tolt felel\u0151ss\u00e9g\u0171 t\u00e1rsas\u00e1g<\/p>\n<p>C\u00e9gjegyz\u00e9ksz\u00e1m: 15-09-062830<\/p>\n<p>Ad\u00f3sz\u00e1m:\u00a011253013-2-15<\/p>\n<p>K\u00f6z\u00f6ss\u00e9gi ad\u00f3sz\u00e1m: HU11253013<\/p>\n","protected":false},"excerpt":{"rendered":"<p>A c\u00e9g elnevez\u00e9se: NAF\u00c9M Nam\u00e9nyi Vas- \u00e9s F\u00e9mipari Kereskedelmi Korl\u00e1tolt Felel\u0151ss\u00e9g\u0171 T\u00e1rsas\u00e1g A c\u00e9g r\u00f6vid\u00edtett elnevez\u00e9se: NAF\u00c9M KFT A c\u00e9g sz\u00e9khelye: 4800 V\u00e1s\u00e1rosnam\u00e9ny, Ipar u. 4. C\u00e9gforma: Korl\u00e1tolt felel\u0151ss\u00e9g\u0171 t\u00e1rsas\u00e1g C\u00e9gjegyz\u00e9ksz\u00e1m: 15-09-062830 Ad\u00f3sz\u00e1m:\u00a011253013-2-15 K\u00f6z\u00f6ss\u00e9gi ad\u00f3sz\u00e1m: HU11253013<\/p>\n","protected":false},"author":1,"featured_media":0,"parent":0,"menu_order":0,"comment_status":"closed","ping_status":"closed","template":"","meta":{"footnotes":""},"class_list":["post-13","page","type-page","status-publish","hentry","nodate","item-wrap"],"_links":{"self":[{"href":"http:\/\/nafemkft.hu\/de\/wp-json\/wp\/v2\/pages\/13","targetHints":{"allow":["GET"]}}],"collection":[{"href":"http:\/\/nafemkft.hu\/de\/wp-json\/wp\/v2\/pages"}],"about":[{"href":"http:\/\/nafemkft.hu\/de\/wp-json\/wp\/v2\/types\/page"}],"author":[{"embeddable":true,"href":"http:\/\/nafemkft.hu\/de\/wp-json\/wp\/v2\/users\/1"}],"replies":[{"embeddable":true,"href":"http:\/\/nafemkft.hu\/de\/wp-json\/wp\/v2\/comments?post=13"}],"version-history":[{"count":3,"href":"http:\/\/nafemkft.hu\/de\/wp-json\/wp\/v2\/pages\/13\/revisions"}],"predecessor-version":[{"id":111,"href":"http:\/\/nafemkft.hu\/de\/wp-json\/wp\/v2\/pages\/13\/revisions\/111"}],"wp:attachment":[{"href":"http:\/\/nafemkft.hu\/de\/wp-json\/wp\/v2\/media?parent=13"}],"curies":[{"name":"wp","href":"https:\/\/api.w.org\/{rel}","templated":true}]}}